{"id":218,"date":"2025-12-13T11:42:22","date_gmt":"2025-12-13T11:42:22","guid":{"rendered":"https:\/\/oliviarentals.com\/index.php\/about\/"},"modified":"2026-04-28T19:35:31","modified_gmt":"2026-04-28T19:35:31","slug":"about","status":"publish","type":"page","link":"https:\/\/oliviarentals.com\/en\/about\/","title":{"rendered":"About OliviaRentals"},"content":{"rendered":"<div data-spectra-id=\"f6474934\"\tstyle=\"overflow: visible; --spectra-background-gradient: linear-gradient(180deg, var(--ast-global-color-1) 0%, var(--ast-global-color-0) 100%); --spectra-overlay-opacity: 0.6;\" class=\"spectra-is-root-container alignfull spectra-overlay-color spectra-overflow spectra-background-gradient spectra-dim-ratio wp-block-spectra-container\" data-orientation=\"vertical\"\t>\n\t<\/div>\n\n\n\n<div style=\"height:40px\" aria-hidden=\"true\" class=\"wp-block-spacer\"><\/div>\n\n\n\t<h2 data-spectra-id=\"spectra-mlsxcc02-tqjq86\"\t\tclass=\"wp-block-spectra-content\">\n\t\tQUIENES SOMOS\t<\/h2>\n\n\n<div data-spectra-id=\"spectra-mlslhhhy-74tubw\"\tstyle=\"overflow: visible;\" class=\"spectra-is-root-container alignfull spectra-overlay-color spectra-overflow wp-block-spectra-container\" data-orientation=\"vertical\"\t>\n\t\n<div data-spectra-id=\"spectra-mlslhkxj-ppf7k1\" style=\"overflow: visible\" class=\"spectra-overlay-color spectra-overflow wp-block-spectra-container\" data-orientation=\"vertical\">\n\t\n\n<figure data-wp-context=\"{&quot;imageId&quot;:&quot;69f467971453c&quot;}\" data-wp-interactive=\"core\/image\" data-wp-key=\"69f467971453c\" data-spectra-id=\"spectra-mlslhpdz-l8gdms\" class=\"wp-block-image size-large wp-lightbox-container\"><img fetchpriority=\"high\" decoding=\"async\" width=\"1024\" height=\"651\" data-wp-class--hide=\"state.isContentHidden\" data-wp-class--show=\"state.isContentVisible\" data-wp-init=\"callbacks.setButtonStyles\" data-wp-on--click=\"actions.showLightbox\" data-wp-on--load=\"callbacks.setButtonStyles\" data-wp-on-window--resize=\"callbacks.setButtonStyles\" src=\"https:\/\/oliviarentals.com\/wp-content\/uploads\/2025\/12\/WhatsApp-Image-2025-12-14-at-14.02.54-1024x651.jpeg\" alt=\"olivia rentals alquiler vacacional reserva directa apartamentos\" class=\"wp-image-1764\" title=\"About OliviaRentals\" srcset=\"https:\/\/oliviarentals.com\/wp-content\/uploads\/2025\/12\/WhatsApp-Image-2025-12-14-at-14.02.54-1024x651.jpeg 1024w, https:\/\/oliviarentals.com\/wp-content\/uploads\/2025\/12\/WhatsApp-Image-2025-12-14-at-14.02.54-300x191.jpeg 300w, https:\/\/oliviarentals.com\/wp-content\/uploads\/2025\/12\/WhatsApp-Image-2025-12-14-at-14.02.54-768x488.jpeg 768w, https:\/\/oliviarentals.com\/wp-content\/uploads\/2025\/12\/WhatsApp-Image-2025-12-14-at-14.02.54-600x381.jpeg 600w, https:\/\/oliviarentals.com\/wp-content\/uploads\/2025\/12\/WhatsApp-Image-2025-12-14-at-14.02.54.jpeg 1059w\" sizes=\"(max-width: 1024px) 100vw, 1024px\" \/><button class=\"lightbox-trigger\" type=\"button\" aria-haspopup=\"dialog\" aria-label=\"Enlarge\" data-wp-init=\"callbacks.initTriggerButton\" data-wp-on--click=\"actions.showLightbox\" data-wp-style--right=\"state.imageButtonRight\" data-wp-style--top=\"state.imageButtonTop\">\n\t\t\t<svg xmlns=\"http:\/\/www.w3.org\/2000\/svg\" width=\"12\" height=\"12\" fill=\"none\" viewbox=\"0 0 12 12\">\n\t\t\t\t<path fill=\"#fff\" d=\"M2 0a2 2 0 0 0-2 2v2h1.5V2a.5.5 0 0 1 .5-.5h2V0H2Zm2 10.5H2a.5.5 0 0 1-.5-.5V8H0v2a2 2 0 0 0 2 2h2v-1.5ZM8 12v-1.5h2a.5.5 0 0 0 .5-.5V8H12v2a2 2 0 0 1-2 2H8Zm2-12a2 2 0 0 1 2 2v2h-1.5V2a.5.5 0 0 0-.5-.5H8V0h2Z\" \/>\n\t\t\t<\/svg>\n\t\t<\/button><\/figure>\n\n<\/div>\n\n\n<div data-spectra-id=\"spectra-mlslhkxl-a2hwlr\" style=\"overflow: visible\" class=\"spectra-overlay-color spectra-overflow wp-block-spectra-container\" data-orientation=\"vertical\">\n\t\n\n<figure data-wp-context=\"{&quot;imageId&quot;:&quot;69f4679714af0&quot;}\" data-wp-interactive=\"core\/image\" data-wp-key=\"69f4679714af0\" data-spectra-id=\"spectra-mlsli1h3-j5wqvn\" class=\"wp-block-image size-large wp-lightbox-container\"><img decoding=\"async\" width=\"1024\" height=\"683\" data-wp-class--hide=\"state.isContentHidden\" data-wp-class--show=\"state.isContentVisible\" data-wp-init=\"callbacks.setButtonStyles\" data-wp-on--click=\"actions.showLightbox\" data-wp-on--load=\"callbacks.setButtonStyles\" data-wp-on-window--resize=\"callbacks.setButtonStyles\" src=\"https:\/\/oliviarentals.com\/wp-content\/uploads\/2025\/12\/WhatsApp-Image-2025-12-14-at-13.27.38-1024x683.jpeg\" alt=\"olivia rentals alquiler vacacional reserva directa apartamentos\" class=\"wp-image-1746\" title=\"About OliviaRentals\" srcset=\"https:\/\/oliviarentals.com\/wp-content\/uploads\/2025\/12\/WhatsApp-Image-2025-12-14-at-13.27.38-1024x683.jpeg 1024w, https:\/\/oliviarentals.com\/wp-content\/uploads\/2025\/12\/WhatsApp-Image-2025-12-14-at-13.27.38-300x200.jpeg 300w, https:\/\/oliviarentals.com\/wp-content\/uploads\/2025\/12\/WhatsApp-Image-2025-12-14-at-13.27.38-768x512.jpeg 768w, https:\/\/oliviarentals.com\/wp-content\/uploads\/2025\/12\/WhatsApp-Image-2025-12-14-at-13.27.38-1320x880.jpeg 1320w, https:\/\/oliviarentals.com\/wp-content\/uploads\/2025\/12\/WhatsApp-Image-2025-12-14-at-13.27.38-600x400.jpeg 600w, https:\/\/oliviarentals.com\/wp-content\/uploads\/2025\/12\/WhatsApp-Image-2025-12-14-at-13.27.38.jpeg 1536w\" sizes=\"(max-width: 1024px) 100vw, 1024px\" \/><button class=\"lightbox-trigger\" type=\"button\" aria-haspopup=\"dialog\" aria-label=\"Enlarge\" data-wp-init=\"callbacks.initTriggerButton\" data-wp-on--click=\"actions.showLightbox\" data-wp-style--right=\"state.imageButtonRight\" data-wp-style--top=\"state.imageButtonTop\">\n\t\t\t<svg xmlns=\"http:\/\/www.w3.org\/2000\/svg\" width=\"12\" height=\"12\" fill=\"none\" viewbox=\"0 0 12 12\">\n\t\t\t\t<path fill=\"#fff\" d=\"M2 0a2 2 0 0 0-2 2v2h1.5V2a.5.5 0 0 1 .5-.5h2V0H2Zm2 10.5H2a.5.5 0 0 1-.5-.5V8H0v2a2 2 0 0 0 2 2h2v-1.5ZM8 12v-1.5h2a.5.5 0 0 0 .5-.5V8H12v2a2 2 0 0 1-2 2H8Zm2-12a2 2 0 0 1 2 2v2h-1.5V2a.5.5 0 0 0-.5-.5H8V0h2Z\" \/>\n\t\t\t<\/svg>\n\t\t<\/button><\/figure>\n\n<\/div>\n\n\n<div data-spectra-id=\"spectra-mlslhkxn-c5ana7\" style=\"overflow: visible\" class=\"spectra-overlay-color spectra-overflow wp-block-spectra-container\" data-orientation=\"vertical\">\n\t\n\n<figure data-wp-context=\"{&quot;imageId&quot;:&quot;69f4679714f73&quot;}\" data-wp-interactive=\"core\/image\" data-wp-key=\"69f4679714f73\" data-spectra-id=\"spectra-mlslickm-32z4nd\" class=\"wp-block-image size-large wp-lightbox-container\"><img decoding=\"async\" width=\"1024\" height=\"683\" data-wp-class--hide=\"state.isContentHidden\" data-wp-class--show=\"state.isContentVisible\" data-wp-init=\"callbacks.setButtonStyles\" data-wp-on--click=\"actions.showLightbox\" data-wp-on--load=\"callbacks.setButtonStyles\" data-wp-on-window--resize=\"callbacks.setButtonStyles\" src=\"https:\/\/oliviarentals.com\/wp-content\/uploads\/2025\/12\/WhatsApp-Image-2025-12-14-at-13.28.33-1024x683.jpeg\" alt=\"olivia rentals alquiler vacacional reserva directa apartamentos\" class=\"wp-image-1747\" title=\"About OliviaRentals\" srcset=\"https:\/\/oliviarentals.com\/wp-content\/uploads\/2025\/12\/WhatsApp-Image-2025-12-14-at-13.28.33-1024x683.jpeg 1024w, https:\/\/oliviarentals.com\/wp-content\/uploads\/2025\/12\/WhatsApp-Image-2025-12-14-at-13.28.33-300x200.jpeg 300w, https:\/\/oliviarentals.com\/wp-content\/uploads\/2025\/12\/WhatsApp-Image-2025-12-14-at-13.28.33-768x512.jpeg 768w, https:\/\/oliviarentals.com\/wp-content\/uploads\/2025\/12\/WhatsApp-Image-2025-12-14-at-13.28.33-1536x1024.jpeg 1536w, https:\/\/oliviarentals.com\/wp-content\/uploads\/2025\/12\/WhatsApp-Image-2025-12-14-at-13.28.33-1320x880.jpeg 1320w, https:\/\/oliviarentals.com\/wp-content\/uploads\/2025\/12\/WhatsApp-Image-2025-12-14-at-13.28.33-600x400.jpeg 600w, https:\/\/oliviarentals.com\/wp-content\/uploads\/2025\/12\/WhatsApp-Image-2025-12-14-at-13.28.33.jpeg 2048w\" sizes=\"(max-width: 1024px) 100vw, 1024px\" \/><button class=\"lightbox-trigger\" type=\"button\" aria-haspopup=\"dialog\" aria-label=\"Enlarge\" data-wp-init=\"callbacks.initTriggerButton\" data-wp-on--click=\"actions.showLightbox\" data-wp-style--right=\"state.imageButtonRight\" data-wp-style--top=\"state.imageButtonTop\">\n\t\t\t<svg xmlns=\"http:\/\/www.w3.org\/2000\/svg\" width=\"12\" height=\"12\" fill=\"none\" viewbox=\"0 0 12 12\">\n\t\t\t\t<path fill=\"#fff\" d=\"M2 0a2 2 0 0 0-2 2v2h1.5V2a.5.5 0 0 1 .5-.5h2V0H2Zm2 10.5H2a.5.5 0 0 1-.5-.5V8H0v2a2 2 0 0 0 2 2h2v-1.5ZM8 12v-1.5h2a.5.5 0 0 0 .5-.5V8H12v2a2 2 0 0 1-2 2H8Zm2-12a2 2 0 0 1 2 2v2h-1.5V2a.5.5 0 0 0-.5-.5H8V0h2Z\" \/>\n\t\t\t<\/svg>\n\t\t<\/button><\/figure>\n\n<\/div>\n\n<\/div>\n\n\n\n<div style=\"height:25px\" aria-hidden=\"true\" class=\"wp-block-spacer\"><\/div>\n\n\n\t<p data-spectra-id=\"spectra-mlim0um8-gy316c\"\t\tstyle=\"background-color:#f4f1ec;\" class=\"wp-block-spectra-content has-background\">\n\t\tHi <strong><em>Olivia Rentals<\/em><\/strong> nos dedicamos a ofrecer apartamentos vacacionales cuidadosamente seleccionados en <em>M\u00e1laga y Torremolinos<\/em>. Nuestro objetivo es que disfrutes de una estancia c\u00f3moda, tranquila y sin complicaciones, con reserva directa y atenci\u00f3n personalizada.<br>Trabajamos para que cada hu\u00e9sped se sienta como en casa, con alojamientos bien ubicados y preparados para unas vacaciones perfectas.\t<\/p>\n\n\n\n<p><\/p>\n\n\n<div data-spectra-id=\"spectra-mlim2z6j-g0rslc\" class=\"wp-block-button spectra-buttons wp-block-spectra-buttons\">\n\t\n<a data-spectra-id=\"spectra-mlim2z7q-inujbk\" href=\"https:\/\/wa.me\/34660453380\" target=\"_blank\" aria-label=\"Ver disponibilidad\" style=\"--spectra-text-color: black;--spectra-text-color-hover: var(--ast-global-color-5);--spectra-background-color-hover: #2f6f7e;background-color:#c46a5a\" class=\"wp-block-button__link wp-element-button spectra-text-color spectra-text-color-hover spectra-background-color-hover wp-elements-084b316497cd65f2f9ca0685baf82f57 wp-block-spectra-button has-text-color has-black-color has-background\" rel=\"noopener\">\n<div class=\"spectra-button__link\">Ver disponibilidad<\/div><\/a>\n\n<\/div>\n\n\n\n<div style=\"height:100px\" aria-hidden=\"true\" class=\"wp-block-spacer\"><\/div>\n\n\n\n<p><\/p>","protected":false},"excerpt":{"rendered":"","protected":false},"author":1,"featured_media":0,"parent":0,"menu_order":0,"comment_status":"closed","ping_status":"closed","template":"","meta":{"_uag_custom_page_level_css":"","site-sidebar-layout":"no-sidebar","site-content-layout":"plain-container","ast-site-content-layout":"full-width-container","site-content-style":"unboxed","site-sidebar-style":"unboxed","ast-global-header-display":"","ast-banner-title-visibility":"","ast-main-header-display":"","ast-hfb-above-header-display":"","ast-hfb-below-header-display":"","ast-hfb-mobile-header-display":"","site-post-title":"disabled","ast-breadcrumbs-content":"","ast-featured-img":"disabled","footer-sml-layout":"","ast-disable-related-posts":"","theme-transparent-header-meta":"enabled","adv-header-id-meta":"","stick-header-meta":"","header-above-stick-meta":"","header-main-stick-meta":"","header-below-stick-meta":"","astra-migrate-meta-layouts":"set","ast-page-background-enabled":"default","ast-page-background-meta":{"desktop":{"background-color":"","background-image":"","background-repeat":"repeat","background-position":"center center","background-size":"auto","background-attachment":"scroll","background-type":"","background-media":"","overlay-type":"","overlay-color":"","overlay-opacity":"","overlay-gradient":""},"tablet":{"background-color":"","background-image":"","background-repeat":"repeat","background-position":"center center","background-size":"auto","background-attachment":"scroll","background-type":"","background-media":"","overlay-type":"","overlay-color":"","overlay-opacity":"","overlay-gradient":""},"mobile":{"background-color":"","background-image":"","background-repeat":"repeat","background-position":"center center","background-size":"auto","background-attachment":"scroll","background-type":"","background-media":"","overlay-type":"","overlay-color":"","overlay-opacity":"","overlay-gradient":""}},"ast-content-background-meta":{"desktop":{"background-color":"var(--ast-global-color-5)","background-image":"","background-repeat":"repeat","background-position":"center center","background-size":"auto","background-attachment":"scroll","background-type":"","background-media":"","overlay-type":"","overlay-color":"","overlay-opacity":"","overlay-gradient":""},"tablet":{"background-color":"var(--ast-global-color-5)","background-image":"","background-repeat":"repeat","background-position":"center center","background-size":"auto","background-attachment":"scroll","background-type":"","background-media":"","overlay-type":"","overlay-color":"","overlay-opacity":"","overlay-gradient":""},"mobile":{"background-color":"var(--ast-global-color-5)","background-image":"","background-repeat":"repeat","background-position":"center center","background-size":"auto","background-attachment":"scroll","background-type":"","background-media":"","overlay-type":"","overlay-color":"","overlay-opacity":"","overlay-gradient":""}},"footnotes":""},"class_list":["post-218","page","type-page","status-publish","hentry"],"uagb_featured_image_src":{"full":false,"thumbnail":false,"medium":false,"medium_large":false,"large":false,"1536x1536":false,"2048x2048":false,"trp-custom-language-flag":false,"mailpoet_newsletter_max":false,"woocommerce_thumbnail":false,"woocommerce_single":false,"woocommerce_gallery_thumbnail":false},"uagb_author_info":{"display_name":"OLIVIA RENTALS","author_link":"https:\/\/oliviarentals.com\/en\/author\/dominios_ioop67y8\/"},"uagb_comment_info":0,"uagb_excerpt":null,"jetpack_sharing_enabled":true,"_links":{"self":[{"href":"https:\/\/oliviarentals.com\/en\/wp-json\/wp\/v2\/pages\/218","targetHints":{"allow":["GET"]}}],"collection":[{"href":"https:\/\/oliviarentals.com\/en\/wp-json\/wp\/v2\/pages"}],"about":[{"href":"https:\/\/oliviarentals.com\/en\/wp-json\/wp\/v2\/types\/page"}],"author":[{"embeddable":true,"href":"https:\/\/oliviarentals.com\/en\/wp-json\/wp\/v2\/users\/1"}],"replies":[{"embeddable":true,"href":"https:\/\/oliviarentals.com\/en\/wp-json\/wp\/v2\/comments?post=218"}],"version-history":[{"count":31,"href":"https:\/\/oliviarentals.com\/en\/wp-json\/wp\/v2\/pages\/218\/revisions"}],"predecessor-version":[{"id":2577,"href":"https:\/\/oliviarentals.com\/en\/wp-json\/wp\/v2\/pages\/218\/revisions\/2577"}],"wp:attachment":[{"href":"https:\/\/oliviarentals.com\/en\/wp-json\/wp\/v2\/media?parent=218"}],"curies":[{"name":"wp","href":"https:\/\/api.w.org\/{rel}","templated":true}]}}