{"id":2649,"date":"2026-04-30T23:56:48","date_gmt":"2026-04-30T23:56:48","guid":{"rendered":"https:\/\/oliviarentals.com\/?page_id=2649"},"modified":"2026-05-01T00:03:51","modified_gmt":"2026-05-01T00:03:51","slug":"jabega-beach-apartment-torremolinos","status":"publish","type":"page","link":"https:\/\/oliviarentals.com\/en\/jabega-beach-apartment-torremolinos\/","title":{"rendered":"j\u00e1bega-beach-apartment"},"content":{"rendered":"<div data-elementor-type=\"wp-page\" data-elementor-id=\"2649\" class=\"elementor elementor-2649\">\n\t\t\t\t<div class=\"elementor-element elementor-element-140a041 e-flex e-con-boxed e-con e-parent\" data-id=\"140a041\" data-element_type=\"container\" data-e-type=\"container\" data-settings=\"{&quot;background_background&quot;:&quot;classic&quot;}\">\n\t\t\t\t\t<div class=\"e-con-inner\">\n\t\t\t\t<div class=\"elementor-element elementor-element-26d3d22 elementor-widget elementor-widget-heading\" data-id=\"26d3d22\" data-element_type=\"widget\" data-e-type=\"widget\" data-widget_type=\"heading.default\">\n\t\t\t\t<div class=\"elementor-widget-container\">\n\t\t\t\t\t<h2 class=\"elementor-heading-title elementor-size-default\">JABEGA BEACH <br>APARTMENT<\/h2>\t\t\t\t<\/div>\n\t\t\t\t<\/div>\n\t\t\t\t<div class=\"elementor-element elementor-element-185babd elementor-align-center elementor-widget elementor-widget-button\" data-id=\"185babd\" data-element_type=\"widget\" data-e-type=\"widget\" data-widget_type=\"button.default\">\n\t\t\t\t<div class=\"elementor-widget-container\">\n\t\t\t\t\t\t\t\t\t<div class=\"elementor-button-wrapper\">\n\t\t\t\t\t<a class=\"elementor-button elementor-button-link elementor-size-sm\" href=\"https:\/\/npreview-oliviarentals-sl-unknown.lodgify.com\/es\/jabega-beach---4-min-from-the-beach\" target=\"_blank\" rel=\"noopener\">\n\t\t\t\t\t\t<span class=\"elementor-button-content-wrapper\">\n\t\t\t\t\t\t\t\t\t<span class=\"elementor-button-text\">BOOK NOW<\/span>\n\t\t\t\t\t<\/span>\n\t\t\t\t\t<\/a>\n\t\t\t\t<\/div>\n\t\t\t\t\t\t\t\t<\/div>\n\t\t\t\t<\/div>\n\t\t\t\t<div class=\"elementor-element elementor-element-9e1c904 elementor-widget elementor-widget-text-editor\" data-id=\"9e1c904\" data-element_type=\"widget\" data-e-type=\"widget\" data-widget_type=\"text-editor.default\">\n\t\t\t\t<div class=\"elementor-widget-container\">\n\t\t\t\t\t\t\t\t\t<p>Los Alamos \u00b7 Torremolinos \u00b7 Costa del Sol<\/p>\t\t\t\t\t\t\t\t<\/div>\n\t\t\t\t<\/div>\n\t\t\t\t\t<\/div>\n\t\t\t\t<\/div>\n\t\t<div class=\"elementor-element elementor-element-b12bf1c e-flex e-con-boxed e-con e-parent\" data-id=\"b12bf1c\" data-element_type=\"container\" data-e-type=\"container\">\n\t\t\t\t\t<div class=\"e-con-inner\">\n\t\t<div class=\"elementor-element elementor-element-a459feb e-con-full e-flex e-con e-child\" data-id=\"a459feb\" data-element_type=\"container\" data-e-type=\"container\">\n\t\t\t\t<div class=\"elementor-element elementor-element-6bfeefd elementor-widget elementor-widget-image\" data-id=\"6bfeefd\" data-element_type=\"widget\" data-e-type=\"widget\" data-widget_type=\"image.default\">\n\t\t\t\t<div class=\"elementor-widget-container\">\n\t\t\t\t\t\t\t\t\t\t\t\t\t\t\t<img fetchpriority=\"high\" decoding=\"async\" width=\"1024\" height=\"656\" src=\"https:\/\/oliviarentals.com\/wp-content\/uploads\/2026\/04\/IMG_6196-1024x656.jpeg\" class=\"attachment-large size-large wp-image-2573\" alt=\"Apartamento J\u00e1bega en Torremolinos con vistas al mar y terraza\" srcset=\"https:\/\/oliviarentals.com\/wp-content\/uploads\/2026\/04\/IMG_6196-1024x656.jpeg 1024w, https:\/\/oliviarentals.com\/wp-content\/uploads\/2026\/04\/IMG_6196-300x192.jpeg 300w, https:\/\/oliviarentals.com\/wp-content\/uploads\/2026\/04\/IMG_6196-768x492.jpeg 768w, https:\/\/oliviarentals.com\/wp-content\/uploads\/2026\/04\/IMG_6196-600x385.jpeg 600w, https:\/\/oliviarentals.com\/wp-content\/uploads\/2026\/04\/IMG_6196.jpeg 1206w\" sizes=\"(max-width: 1024px) 100vw, 1024px\" title=\"j\u00e1bega-beach-apartment\">\t\t\t\t\t\t\t\t\t\t\t\t\t\t\t<\/div>\n\t\t\t\t<\/div>\n\t\t\t\t<\/div>\n\t\t<div class=\"elementor-element elementor-element-023240c e-con-full e-flex e-con e-child\" data-id=\"023240c\" data-element_type=\"container\" data-e-type=\"container\">\n\t\t<div class=\"elementor-element elementor-element-d1e5cde e-grid e-con-full e-con e-child\" data-id=\"d1e5cde\" data-element_type=\"container\" data-e-type=\"container\">\n\t\t\t\t<div class=\"elementor-element elementor-element-4e81b47 elementor-widget elementor-widget-image\" data-id=\"4e81b47\" data-element_type=\"widget\" data-e-type=\"widget\" data-widget_type=\"image.default\">\n\t\t\t\t<div class=\"elementor-widget-container\">\n\t\t\t\t\t\t\t\t\t\t\t\t\t\t\t<img decoding=\"async\" width=\"1024\" height=\"673\" src=\"https:\/\/oliviarentals.com\/wp-content\/uploads\/2026\/04\/IMG_6206-1024x673.jpeg\" class=\"attachment-large size-large wp-image-2572\" alt=\"Apartamento J\u00e1bega en Torremolinos con vistas al mar y terraza\" srcset=\"https:\/\/oliviarentals.com\/wp-content\/uploads\/2026\/04\/IMG_6206-1024x673.jpeg 1024w, https:\/\/oliviarentals.com\/wp-content\/uploads\/2026\/04\/IMG_6206-300x197.jpeg 300w, https:\/\/oliviarentals.com\/wp-content\/uploads\/2026\/04\/IMG_6206-768x505.jpeg 768w, https:\/\/oliviarentals.com\/wp-content\/uploads\/2026\/04\/IMG_6206-600x395.jpeg 600w, https:\/\/oliviarentals.com\/wp-content\/uploads\/2026\/04\/IMG_6206.jpeg 1206w\" sizes=\"(max-width: 1024px) 100vw, 1024px\" title=\"j\u00e1bega-beach-apartment\">\t\t\t\t\t\t\t\t\t\t\t\t\t\t\t<\/div>\n\t\t\t\t<\/div>\n\t\t\t\t<div class=\"elementor-element elementor-element-9564ae2 elementor-widget elementor-widget-image\" data-id=\"9564ae2\" data-element_type=\"widget\" data-e-type=\"widget\" data-widget_type=\"image.default\">\n\t\t\t\t<div class=\"elementor-widget-container\">\n\t\t\t\t\t\t\t\t\t\t\t\t\t\t\t<img decoding=\"async\" width=\"1024\" height=\"658\" src=\"https:\/\/oliviarentals.com\/wp-content\/uploads\/2026\/04\/IMG_6199-1024x658.jpeg\" class=\"attachment-large size-large wp-image-2568\" alt=\"Apartamento J\u00e1bega en Torremolinos con vistas al mar y terraza\" srcset=\"https:\/\/oliviarentals.com\/wp-content\/uploads\/2026\/04\/IMG_6199-1024x658.jpeg 1024w, https:\/\/oliviarentals.com\/wp-content\/uploads\/2026\/04\/IMG_6199-300x193.jpeg 300w, https:\/\/oliviarentals.com\/wp-content\/uploads\/2026\/04\/IMG_6199-768x494.jpeg 768w, https:\/\/oliviarentals.com\/wp-content\/uploads\/2026\/04\/IMG_6199-600x386.jpeg 600w, https:\/\/oliviarentals.com\/wp-content\/uploads\/2026\/04\/IMG_6199.jpeg 1206w\" sizes=\"(max-width: 1024px) 100vw, 1024px\" title=\"j\u00e1bega-beach-apartment\">\t\t\t\t\t\t\t\t\t\t\t\t\t\t\t<\/div>\n\t\t\t\t<\/div>\n\t\t\t\t<div class=\"elementor-element elementor-element-94d2625 elementor-widget elementor-widget-image\" data-id=\"94d2625\" data-element_type=\"widget\" data-e-type=\"widget\" data-widget_type=\"image.default\">\n\t\t\t\t<div class=\"elementor-widget-container\">\n\t\t\t\t\t\t\t\t\t\t\t\t\t\t\t<img loading=\"lazy\" decoding=\"async\" width=\"1024\" height=\"662\" src=\"https:\/\/oliviarentals.com\/wp-content\/uploads\/2026\/04\/IMG_6204-1024x662.jpeg\" class=\"attachment-large size-large wp-image-2567\" alt=\"Apartamento J\u00e1bega en Torremolinos con vistas al mar y terraza\" srcset=\"https:\/\/oliviarentals.com\/wp-content\/uploads\/2026\/04\/IMG_6204-1024x662.jpeg 1024w, https:\/\/oliviarentals.com\/wp-content\/uploads\/2026\/04\/IMG_6204-300x194.jpeg 300w, https:\/\/oliviarentals.com\/wp-content\/uploads\/2026\/04\/IMG_6204-768x497.jpeg 768w, https:\/\/oliviarentals.com\/wp-content\/uploads\/2026\/04\/IMG_6204-600x388.jpeg 600w, https:\/\/oliviarentals.com\/wp-content\/uploads\/2026\/04\/IMG_6204.jpeg 1206w\" sizes=\"(max-width: 1024px) 100vw, 1024px\" title=\"j\u00e1bega-beach-apartment\">\t\t\t\t\t\t\t\t\t\t\t\t\t\t\t<\/div>\n\t\t\t\t<\/div>\n\t\t\t\t<div class=\"elementor-element elementor-element-c0dba65 elementor-widget elementor-widget-image\" data-id=\"c0dba65\" data-element_type=\"widget\" data-e-type=\"widget\" data-widget_type=\"image.default\">\n\t\t\t\t<div class=\"elementor-widget-container\">\n\t\t\t\t\t\t\t\t\t\t\t\t\t\t\t<img loading=\"lazy\" decoding=\"async\" width=\"1024\" height=\"616\" src=\"https:\/\/oliviarentals.com\/wp-content\/uploads\/2026\/04\/IMG_6222-1024x616.jpeg\" class=\"attachment-large size-large wp-image-2546\" alt=\"Apartamento J\u00e1bega en Torremolinos con vistas al mar y terraza\" srcset=\"https:\/\/oliviarentals.com\/wp-content\/uploads\/2026\/04\/IMG_6222-1024x616.jpeg 1024w, https:\/\/oliviarentals.com\/wp-content\/uploads\/2026\/04\/IMG_6222-300x180.jpeg 300w, https:\/\/oliviarentals.com\/wp-content\/uploads\/2026\/04\/IMG_6222-768x462.jpeg 768w, https:\/\/oliviarentals.com\/wp-content\/uploads\/2026\/04\/IMG_6222-600x361.jpeg 600w, https:\/\/oliviarentals.com\/wp-content\/uploads\/2026\/04\/IMG_6222.jpeg 1206w\" sizes=\"(max-width: 1024px) 100vw, 1024px\" title=\"j\u00e1bega-beach-apartment\">\t\t\t\t\t\t\t\t\t\t\t\t\t\t\t<\/div>\n\t\t\t\t<\/div>\n\t\t\t\t<\/div>\n\t\t\t\t<\/div>\n\t\t\t\t\t<\/div>\n\t\t\t\t<\/div>\n\t\t<div class=\"elementor-element elementor-element-178a5aa e-flex e-con-boxed e-con e-parent\" data-id=\"178a5aa\" data-element_type=\"container\" data-e-type=\"container\">\n\t\t\t\t\t<div class=\"e-con-inner\">\n\t\t<div class=\"elementor-element elementor-element-6c964a7 e-con-full e-flex e-con e-child\" data-id=\"6c964a7\" data-element_type=\"container\" data-e-type=\"container\">\n\t\t\t\t<div class=\"elementor-element elementor-element-384edb4 elementor-widget elementor-widget-text-editor\" data-id=\"384edb4\" data-element_type=\"widget\" data-e-type=\"widget\" data-widget_type=\"text-editor.default\">\n\t\t\t\t<div class=\"elementor-widget-container\">\n\t\t\t\t\t\t\t\t\t<p><img decoding=\"async\" class=\"emoji\" role=\"img\" draggable=\"false\" src=\"https:\/\/s.w.org\/images\/core\/emoji\/17.0.2\/svg\/1f464.svg\" alt=\"\ud83d\udc64\" title=\"j\u00e1bega-beach-apartment\"> 8 guests <br \/><img decoding=\"async\" class=\"emoji\" role=\"img\" draggable=\"false\" src=\"https:\/\/s.w.org\/images\/core\/emoji\/17.0.2\/svg\/1f6cf.svg\" alt=\"\ud83d\udecf\ufe0f\" title=\"j\u00e1bega-beach-apartment\"> 3 bedrooms \u00b7 3 beds \u00b7 sofa bed<br \/><img decoding=\"async\" class=\"emoji\" role=\"img\" draggable=\"false\" src=\"https:\/\/s.w.org\/images\/core\/emoji\/17.0.2\/svg\/1f6c1.svg\" alt=\"\ud83d\udec1\" title=\"j\u00e1bega-beach-apartment\"> 1 bathroom <br \/><img decoding=\"async\" class=\"emoji\" role=\"img\" draggable=\"false\" src=\"https:\/\/s.w.org\/images\/core\/emoji\/17.0.2\/svg\/1f4cd.svg\" alt=\"\ud83d\udccd\" title=\"j\u00e1bega-beach-apartment\"> Los Alamos \u00b7 Torremolinos<\/p>\t\t\t\t\t\t\t\t<\/div>\n\t\t\t\t<\/div>\n\t\t\t\t<\/div>\n\t\t<div class=\"elementor-element elementor-element-141bad7 e-con-full e-flex e-con e-child\" data-id=\"141bad7\" data-element_type=\"container\" data-e-type=\"container\">\n\t\t\t\t<div class=\"elementor-element elementor-element-59d9b8c elementor-align-center elementor-widget elementor-widget-button\" data-id=\"59d9b8c\" data-element_type=\"widget\" data-e-type=\"widget\" data-widget_type=\"button.default\">\n\t\t\t\t<div class=\"elementor-widget-container\">\n\t\t\t\t\t\t\t\t\t<div class=\"elementor-button-wrapper\">\n\t\t\t\t\t<a class=\"elementor-button elementor-button-link elementor-size-sm\" href=\"https:\/\/npreview-oliviarentals-sl-unknown.lodgify.com\/es\/jabega-beach---4-min-from-the-beach\" target=\"_blank\" rel=\"noopener\">\n\t\t\t\t\t\t<span class=\"elementor-button-content-wrapper\">\n\t\t\t\t\t\t\t\t\t<span class=\"elementor-button-text\">Book now<\/span>\n\t\t\t\t\t<\/span>\n\t\t\t\t\t<\/a>\n\t\t\t\t<\/div>\n\t\t\t\t\t\t\t\t<\/div>\n\t\t\t\t<\/div>\n\t\t\t\t<\/div>\n\t\t\t\t\t<\/div>\n\t\t\t\t<\/div>\n\t\t<div class=\"elementor-element elementor-element-9a2656b e-flex e-con-boxed e-con e-parent\" data-id=\"9a2656b\" data-element_type=\"container\" data-e-type=\"container\">\n\t\t\t\t\t<div class=\"e-con-inner\">\n\t\t\t\t<div class=\"elementor-element elementor-element-b6f05c2 elementor-widget elementor-widget-text-editor\" data-id=\"b6f05c2\" data-element_type=\"widget\" data-e-type=\"widget\" data-widget_type=\"text-editor.default\">\n\t\t\t\t<div class=\"elementor-widget-container\">\n\t\t\t\t\t\t\t\t\t<p>J\u00e1bega Apartment is a modern and bright accommodation located in Torremolinos, with a fantastic location. Perfect for a comfortable stay close to the beach, restaurants, and transport links such as the train.<\/p>\t\t\t\t\t\t\t\t<\/div>\n\t\t\t\t<\/div>\n\t\t\t\t\t<\/div>\n\t\t\t\t<\/div>\n\t\t<div class=\"elementor-element elementor-element-4b338dc e-flex e-con-boxed e-con e-parent\" data-id=\"4b338dc\" data-element_type=\"container\" data-e-type=\"container\">\n\t\t\t\t\t<div class=\"e-con-inner\">\n\t\t\t\t<div class=\"elementor-element elementor-element-1c42e5d elementor-widget elementor-widget-google_maps\" data-id=\"1c42e5d\" data-element_type=\"widget\" data-e-type=\"widget\" data-widget_type=\"google_maps.default\">\n\t\t\t\t<div class=\"elementor-widget-container\">\n\t\t\t\t\t\t\t<div class=\"elementor-custom-embed\">\n\t\t\t<iframe loading=\"lazy\"\n\t\t\t\t\tsrc=\"https:\/\/maps.google.com\/maps?q=calle%20carnicero%2023%2C%20torremolinos&#038;t=m&#038;z=15&#038;output=embed&#038;iwloc=near\"\n\t\t\t\t\ttitle=\"23 Carnicero Street, Torremolinos\"\n\t\t\t\t\taria-label=\"23 Carnicero Street, Torremolinos\"\n\t\t\t><\/iframe>\n\t\t<\/div>\n\t\t\t\t\t\t<\/div>\n\t\t\t\t<\/div>\n\t\t\t\t\t<\/div>\n\t\t\t\t<\/div>\n\t\t<div class=\"elementor-element elementor-element-9e39d6f e-flex e-con-boxed e-con e-parent\" data-id=\"9e39d6f\" data-element_type=\"container\" data-e-type=\"container\">\n\t\t\t\t\t<div class=\"e-con-inner\">\n\t\t\t\t<div class=\"elementor-element elementor-element-1d81ca0 elementor-widget elementor-widget-text-editor\" data-id=\"1d81ca0\" data-element_type=\"widget\" data-e-type=\"widget\" data-widget_type=\"text-editor.default\">\n\t\t\t\t<div class=\"elementor-widget-container\">\n\t\t\t\t\t\t\t\t\t<p>\ud83d\udccd 5 min walk from the beach <br \/>\u2708\ufe0f 10 minutes from Malaga airport <br \/>\ud83c\udf7d\ufe0f Nearby restaurants and leisure activities<\/p>\t\t\t\t\t\t\t\t<\/div>\n\t\t\t\t<\/div>\n\t\t\t\t\t<\/div>\n\t\t\t\t<\/div>\n\t\t\t\t<\/div>","protected":false},"excerpt":{"rendered":"<p>JABEGA BEACH APARTMENT RESERVAR AHORA Los Alamos \u00b7 Torremolinos \u00b7 Costa del Sol 8 hu\u00e9spedes 3 dormitorios \u00b7 3 camas\u00b7 sof\u00e1 cama 1 ba\u00f1o Los Alamos \u00b7 Torremolinos reservar ahora J\u00e1bega Apartment es un alojamiento moderno y luminoso situado en Torremolinos, con una fant\u00e1stica ubicaci\u00f3n. Perfecto para una estancia c\u00f3moda cerca de la playa, restaurantes [&hellip;]<\/p>\n","protected":false},"author":1,"featured_media":0,"parent":0,"menu_order":0,"comment_status":"closed","ping_status":"closed","template":"elementor_canvas","meta":{"_uag_custom_page_level_css":"","site-sidebar-layout":"no-sidebar","site-content-layout":"page-builder","ast-site-content-layout":"full-width-container","site-content-style":"default","site-sidebar-style":"default","ast-global-header-display":"","ast-banner-title-visibility":"","ast-main-header-display":"","ast-hfb-above-header-display":"","ast-hfb-below-header-display":"","ast-hfb-mobile-header-display":"","site-post-title":"","ast-breadcrumbs-content":"","ast-featured-img":"disabled","footer-sml-layout":"","ast-disable-related-posts":"","theme-transparent-header-meta":"","adv-header-id-meta":"","stick-header-meta":"","header-above-stick-meta":"","header-main-stick-meta":"","header-below-stick-meta":"","astra-migrate-meta-layouts":"set","ast-page-background-enabled":"default","ast-page-background-meta":{"desktop":{"background-color":"","background-image":"","background-repeat":"repeat","background-position":"center center","background-size":"auto","background-attachment":"scroll","background-type":"","background-media":"","overlay-type":"","overlay-color":"","overlay-opacity":"","overlay-gradient":""},"tablet":{"background-color":"","background-image":"","background-repeat":"repeat","background-position":"center center","background-size":"auto","background-attachment":"scroll","background-type":"","background-media":"","overlay-type":"","overlay-color":"","overlay-opacity":"","overlay-gradient":""},"mobile":{"background-color":"","background-image":"","background-repeat":"repeat","background-position":"center center","background-size":"auto","background-attachment":"scroll","background-type":"","background-media":"","overlay-type":"","overlay-color":"","overlay-opacity":"","overlay-gradient":""}},"ast-content-background-meta":{"desktop":{"background-color":"var(--ast-global-color-5)","background-image":"","background-repeat":"repeat","background-position":"center center","background-size":"auto","background-attachment":"scroll","background-type":"","background-media":"","overlay-type":"","overlay-color":"","overlay-opacity":"","overlay-gradient":""},"tablet":{"background-color":"var(--ast-global-color-5)","background-image":"","background-repeat":"repeat","background-position":"center center","background-size":"auto","background-attachment":"scroll","background-type":"","background-media":"","overlay-type":"","overlay-color":"","overlay-opacity":"","overlay-gradient":""},"mobile":{"background-color":"var(--ast-global-color-5)","background-image":"","background-repeat":"repeat","background-position":"center center","background-size":"auto","background-attachment":"scroll","background-type":"","background-media":"","overlay-type":"","overlay-color":"","overlay-opacity":"","overlay-gradient":""}},"footnotes":""},"class_list":["post-2649","page","type-page","status-publish","hentry"],"uagb_featured_image_src":{"full":false,"thumbnail":false,"medium":false,"medium_large":false,"large":false,"1536x1536":false,"2048x2048":false,"trp-custom-language-flag":false,"mailpoet_newsletter_max":false,"woocommerce_thumbnail":false,"woocommerce_single":false,"woocommerce_gallery_thumbnail":false},"uagb_author_info":{"display_name":"OLIVIA RENTALS","author_link":"https:\/\/oliviarentals.com\/en\/author\/dominios_ioop67y8\/"},"uagb_comment_info":0,"uagb_excerpt":"JABEGA BEACH APARTMENT RESERVAR AHORA Los Alamos \u00b7 Torremolinos \u00b7 Costa del Sol 8 hu\u00e9spedes 3 dormitorios \u00b7 3 camas\u00b7 sof\u00e1 cama 1 ba\u00f1o Los Alamos \u00b7 Torremolinos reservar ahora J\u00e1bega Apartment es un alojamiento moderno y luminoso situado en Torremolinos, con una fant\u00e1stica ubicaci\u00f3n. Perfecto para una estancia c\u00f3moda cerca de la playa, restaurantes&hellip;","jetpack_sharing_enabled":true,"_links":{"self":[{"href":"https:\/\/oliviarentals.com\/en\/wp-json\/wp\/v2\/pages\/2649","targetHints":{"allow":["GET"]}}],"collection":[{"href":"https:\/\/oliviarentals.com\/en\/wp-json\/wp\/v2\/pages"}],"about":[{"href":"https:\/\/oliviarentals.com\/en\/wp-json\/wp\/v2\/types\/page"}],"author":[{"embeddable":true,"href":"https:\/\/oliviarentals.com\/en\/wp-json\/wp\/v2\/users\/1"}],"replies":[{"embeddable":true,"href":"https:\/\/oliviarentals.com\/en\/wp-json\/wp\/v2\/comments?post=2649"}],"version-history":[{"count":5,"href":"https:\/\/oliviarentals.com\/en\/wp-json\/wp\/v2\/pages\/2649\/revisions"}],"predecessor-version":[{"id":2655,"href":"https:\/\/oliviarentals.com\/en\/wp-json\/wp\/v2\/pages\/2649\/revisions\/2655"}],"wp:attachment":[{"href":"https:\/\/oliviarentals.com\/en\/wp-json\/wp\/v2\/media?parent=2649"}],"curies":[{"name":"wp","href":"https:\/\/api.w.org\/{rel}","templated":true}]}}